{"id":5131,"date":"2018-11-17T09:48:56","date_gmt":"2018-11-17T08:48:56","guid":{"rendered":"https:\/\/volet-roulant16.paris\/?page_id=5131"},"modified":"2025-11-07T09:46:45","modified_gmt":"2025-11-07T09:46:45","slug":"accueil-volet-roulant","status":"publish","type":"page","link":"https:\/\/volet-roulant-saint-cloud.fr\/","title":{"rendered":"Accueil"},"content":{"rendered":"<div id='layer_slider_1' class='avia-layerslider main_color avia-shadow  avia-builder-el-0  el_before_av_one_third  avia-builder-el-first  container_wrap fullsize' style='  height: 481px;' ><\/div><div id='after_layer_slider_1' class='main_color av_default_container_wrap container_wrap fullsize' style=' '  ><div class='container' ><div class='template-page content  av-content-full alpha units'><div class='post-entry post-entry-type-page post-entry-5131'><div class='entry-content-wrapper clearfix'>\n<div class='flex_column_table av-equal-height-column-flextable -flextable' ><div class=\"flex_column av_one_third  av-hide-on-mobile  no_margin flex_column_table_cell av-equal-height-column av-align-middle first  avia-builder-el-1  el_after_av_layerslider  el_before_av_one_third  avia-builder-el-first   \" style='padding:10px; border-radius:0px; '><div class='avia-image-container  av-styling-    avia-builder-el-2  avia-builder-el-no-sibling   avia-align-center '  itemprop=\"image\" itemscope=\"itemscope\" itemtype=\"https:\/\/schema.org\/ImageObject\"  ><div class='avia-image-container-inner'><div class='avia-image-overlay-wrap'><a href='https:\/\/volet-roulant-saint-cloud.fr\/?page_id=5263' class='avia_image'  ><img class='avia_image ' src='https:\/\/volet-roulant-saint-cloud.fr\/wp-content\/uploads\/2018\/11\/Image13.png' alt='' title='Image13'  itemprop=\"thumbnailUrl\"  \/><\/a><\/div><\/div><\/div><\/div>\n<div class=\"flex_column av_one_third  av-hide-on-mobile  no_margin flex_column_table_cell av-equal-height-column av-align-middle   avia-builder-el-3  el_after_av_one_third  el_before_av_one_third   \" style='padding:10px; border-radius:0px; '><div class='avia-image-container  av-styling-    avia-builder-el-4  avia-builder-el-no-sibling  avia-align-center '  itemprop=\"image\" itemscope=\"itemscope\" itemtype=\"https:\/\/schema.org\/ImageObject\"  ><div class='avia-image-container-inner'><div class='avia-image-overlay-wrap'><a href='https:\/\/volet-roulant-saint-cloud.fr\/?page_id=5264' class='avia_image'  ><img class='avia_image ' src='https:\/\/volet-roulant-saint-cloud.fr\/wp-content\/uploads\/2018\/11\/Image14.png' alt='' title='Image14'  itemprop=\"thumbnailUrl\"  \/><\/a><\/div><\/div><\/div><\/div>\n<div class=\"flex_column av_one_third  av-hide-on-mobile  no_margin flex_column_table_cell av-equal-height-column av-align-middle   avia-builder-el-5  el_after_av_one_third  el_before_av_section  avia-builder-el-last   \" style='padding:10px; border-radius:0px; '><div class='avia-image-container  av-styling-    avia-builder-el-6  avia-builder-el-no-sibling  avia-align-center '  itemprop=\"image\" itemscope=\"itemscope\" itemtype=\"https:\/\/schema.org\/ImageObject\"  ><div class='avia-image-container-inner'><div class='avia-image-overlay-wrap'><a href='https:\/\/volet-roulant-saint-cloud.fr\/?page_id=5265' class='avia_image'  ><img class='avia_image ' src='https:\/\/volet-roulant-saint-cloud.fr\/wp-content\/uploads\/2018\/11\/Image12.png' alt='' title='Image12'  itemprop=\"thumbnailUrl\"  \/><\/a><\/div><\/div><\/div><\/div><\/div><!--close column table wrapper. Autoclose: 1 -->\n<\/div><\/div><\/div><!-- close content main div --><\/div><\/div><div id='solution' class='avia-section main_color avia-section-default avia-no-border-styling avia-bg-style-scroll  avia-builder-el-7  el_after_av_one_third  el_before_av_textblock   container_wrap fullsize' style=' '  ><div class='container' ><div class='template-page content  av-content-full alpha units'><div class='post-entry post-entry-type-page post-entry-5131'><div class='entry-content-wrapper clearfix'>\n<div class='flex_column_table av-equal-height-column-flextable -flextable' ><div class=\"flex_column av_two_fifth  av-hide-on-mobile  no_margin flex_column_table_cell av-equal-height-column av-align-middle av-zero-column-padding first  avia-builder-el-8  el_before_av_three_fifth  avia-builder-el-first   \" style='border-radius:0px; '><div class='avia-image-container  av-styling-    avia-builder-el-9  avia-builder-el-no-sibling   avia-align-center '  itemprop=\"image\" itemscope=\"itemscope\" itemtype=\"https:\/\/schema.org\/ImageObject\"  ><div class='avia-image-container-inner'><div class='avia-image-overlay-wrap'><img class='avia_image' src='https:\/\/volet-roulant-saint-cloud.fr\/wp-content\/uploads\/2020\/02\/arti_pro.jpeg' alt='' title='arti_pro_saint-cloud' height=\"1077\" width=\"938\"  itemprop=\"thumbnailUrl\"  \/><\/div><\/div><\/div><\/div><div class=\"flex_column av_three_fifth  no_margin flex_column_table_cell av-equal-height-column av-align-middle   avia-builder-el-10  el_after_av_two_fifth  avia-builder-el-last  \" style='background: #cf0026; padding:50px; background-color:#cf0026; border-radius:0px; '><p><div class='avia-image-container  av-styling-    avia-builder-el-11  el_before_av_textblock  avia-builder-el-first  avia-align-center '  itemprop=\"image\" itemscope=\"itemscope\" itemtype=\"https:\/\/schema.org\/ImageObject\"  ><div class='avia-image-container-inner'><div class='avia-image-overlay-wrap'><img class='avia_image' src='https:\/\/volet-roulant-saint-cloud.fr\/wp-content\/uploads\/2019\/01\/logo_arti_pro_volet_roulant_paris_16.png' alt='' title='logo_arti_pro_volet_roulant_paris_16' height=\"126\" width=\"300\"  itemprop=\"thumbnailUrl\"  \/><\/div><\/div><\/div><br \/>\n<section class=\"av_textblock_section \"  itemscope=\"itemscope\" itemtype=\"https:\/\/schema.org\/CreativeWork\" ><div class='avia_textblock  av_inherit_color '  style='font-size:22px; color:#ffffff; '  itemprop=\"text\" ><p style=\"text-align: center;\">Saint Cloud<\/p>\n<p style=\"text-align: center;\">01 40 50 26 26<\/p>\n<\/div><\/section><br \/>\n<section class=\"av_textblock_section \"  itemscope=\"itemscope\" itemtype=\"https:\/\/schema.org\/CreativeWork\" ><div class='avia_textblock  av_inherit_color '  style='color:#ffffff; '  itemprop=\"text\" ><p style=\"text-align: center;\">Entreprise familiale au c\u0153ur de Saint Cloud, la soci\u00e9t\u00e9 ARTI-PRO apporte son savoir-faire \u00e0 de nombreux particuliers et professionnels.<\/p>\n<\/div><\/section><br \/>\n<section class=\"av_textblock_section \"  itemscope=\"itemscope\" itemtype=\"https:\/\/schema.org\/CreativeWork\" ><div class='avia_textblock  av_inherit_color '  style='color:#ffffff; '  itemprop=\"text\" ><p style=\"text-align: center;\"><em><strong>Entreprise de montage, r\u00e9paration et d\u00e9pannage situ\u00e9e \u00e0 Paris 15 ouvert 24h \/ 24 et 7j \/ 7<\/strong><\/em><\/p>\n<\/div><\/section><\/p><\/div><\/div><!--close column table wrapper. Autoclose: 1 -->\n<\/div><\/div><\/div><!-- close content main div --><\/div><\/div><div id='after_section_1' class='main_color av_default_container_wrap container_wrap fullsize' style=' '  ><div class='container' ><div class='template-page content  av-content-full alpha units'><div class='post-entry post-entry-type-page post-entry-5131'><div class='entry-content-wrapper clearfix'>\n<section class=\"av_textblock_section \"  itemscope=\"itemscope\" itemtype=\"https:\/\/schema.org\/CreativeWork\" ><div class='avia_textblock  '   itemprop=\"text\" ><h2 style=\"text-align: justify;\">Arti Pro : expert du volet roulant \u00e0 Saint-Cloud<\/h2>\n<p style=\"text-align: justify;\">Vous avez \u00e9lu domicile \u00e0 Saint-Cloud et pour une raison ou une autre, vous avez besoin d\u2019un expert en volet roulant. Arti Pro est pr\u00eat \u00e0 vous rendre service. Nous avons form\u00e9 une \u00e9quipe polyvalente compos\u00e9e de techniciens performants et exp\u00e9riment\u00e9s. Ils peuvent prendre en charge diff\u00e9rents types de travaux et sont pr\u00eats \u00e0 collaborer avec les particuliers, les entreprises et les commer\u00e7ants de Saint-Cloud . Voici tout ce que notre \u00e9quipe vous propose.<\/p>\n<h3 style=\"text-align: justify;\" data-start=\"1941\" data-end=\"1990\">Faites confiance \u00e0 des experts qualifi\u00e9s<\/h3>\n<p style=\"text-align: justify;\" data-start=\"1991\" data-end=\"2295\">Confier vos travaux d\u2019isolation ext\u00e9rieure \u00e0 des sp\u00e9cialistes est essentiel pour garantir la qualit\u00e9 et la durabilit\u00e9 du r\u00e9sultat. L\u2019\u00e9quipe de <a href=\"https:\/\/bmaction.com\/isolation-thermique-exterieure\/eure\/vernon\/\"><b>BM Action <\/b><\/a>met \u00e0 votre disposition son savoir-faire, des mat\u00e9riaux performants et un accompagnement complet, du diagnostic \u00e0 la pose.<\/p>\n<h2 style=\"text-align: justify;\">La pose de tout type de volet roulant \u00e0 Saint-Cloud<\/h2>\n<p style=\"text-align: justify;\">Notre soci\u00e9t\u00e9 est sp\u00e9cialis\u00e9e dans l\u2019<strong>installation de volet roulant \u00e0 Saint-Cloud <\/strong>, en r\u00e9gion Ile-de-France. Nos techniciens bien form\u00e9s et chevronn\u00e9s sont des alli\u00e9s de taille qui peuvent vous aider dans la r\u00e9alisation de votre projet. Notons que le choix est large en mati\u00e8re de volet roulant et faire le choix est loin d\u2019\u00eatre une t\u00e2che simple.<\/p>\n<p style=\"text-align: justify;\">En nous faisant confiance, vous aurez droit \u00e0 de bons conseils. En effet, nos experts peuvent vous r\u00e9v\u00e9ler les caract\u00e9ristiques, les atouts et les inconv\u00e9nients de tous les types de volets roulants disponibles sur le march\u00e9. Ils sauront ainsi vous aider dans la prise de d\u00e9cision. Mais peu importe le dispositif choisi, vous pouvez compter sur le succ\u00e8s de l\u2019installation. Nos sp\u00e9cialistes s\u2019occupent de la pose des volets roulants monoblocs, solaires, r\u00e9novation, traditionnel\u2026.<\/p>\n<p style=\"text-align: justify;\">Qu\u2019il s\u2019agisse d\u2019un volet roulant manuel ou automatique et qu\u2019il soit en PVC, en bois ou en alu, nos experts du\u00a0<strong>volant roulant Saint-Cloud <\/strong>s\u2019engagent \u00e0 r\u00e9ussir l\u2019op\u00e9ration en usant de leur exp\u00e9rience et de leur savoir-faire. Ils vont veiller au bon fonctionnement de votre dispositif au meilleur prix. De plus, il peut intervenir sur diff\u00e9rents types de volets roulants. Que vous vous trouviez \u00e0 Coteaux\/Bord-de-Seine, Fouilleuse\/Val d\u2019Or, Pasteur\/Magenta, Montretout\/Coutureau ou dans le quartier du Centre, vous pouvez compter sur notre service qualifi\u00e9 pour la pose de votre volet roulant.<\/p>\n<h2 style=\"text-align: justify;\">Prise en charge de tous vos travaux de d\u00e9pannage de volet roulant \u00e0 Saint-Cloud<\/h2>\n<p style=\"text-align: justify;\">Lorsqu\u2019un volet tombe en panne, il faut le r\u00e9parer le plus rapidement possible afin de ne pas compromettre votre confort ou votre s\u00e9curit\u00e9. L\u2019intervention d\u2019un d\u00e9panneur exp\u00e9riment\u00e9 est aussi n\u00e9cessaire, car un l\u00e9ger probl\u00e8me peut se compliquer et causer une panne s\u00e9v\u00e8re. Notre\u00a0<strong>expert en volet roulant Saint-Cloud <\/strong>peut vous pr\u00eater main forte. En effet, il peut r\u00e9aliser tous les travaux de d\u00e9pannage avec succ\u00e8s.<\/p>\n<p style=\"text-align: justify;\">Quelle que soit la panne qui se pr\u00e9sente, notre sp\u00e9cialiste sait comment identifier sa cause et choisir ainsi la technique de d\u00e9pannage \u00e0 mettre en \u0153uvre. Sachez qu\u2019\u00e9tablir un diagnostic fiable et pr\u00e9cis est le mot d\u2019ordre pour chacun de nos d\u00e9panneurs qui se rendent sur le terrain. Gr\u00e2ce \u00e0 leur dext\u00e9rit\u00e9, leur comp\u00e9tence et leur exp\u00e9rience, ils sont en mesure de restaurer le fonctionnement de votre volet roulant, peu importe le probl\u00e8me qui l\u2019affecte. En outre, ils peuvent op\u00e9rer dans n\u2019importe quel site. Gr\u00e2ce \u00e0 leur grande exp\u00e9rience, ils peuvent op\u00e9rer dans n\u2019importe quel site.<\/p>\n<h2 style=\"text-align: justify;\">Intervention imm\u00e9diate en cas de besoin de d\u00e9pannage urgent<\/h2>\n<p style=\"text-align: justify;\">Si votre\u00a0<strong>volet roulant Saint-Cloud <\/strong>a besoin d\u2019une r\u00e9paration rapide pour des raisons de s\u00e9curit\u00e9, vous pouvez aussi compter sur l\u2019intervention d\u2019urgence de notre \u00e9quipe. C\u2019est le cas lorsqu\u2019il est bloqu\u00e9, lorsque le moteur est en panne ou lorsque les lames sortent du gond. Tout cela augmente le risque de cambriolage. Sachez que notre \u00e9quipe offre un service de d\u00e9pannage rapide dans cette ville au sud-ouest de Paris.<\/p>\n<p style=\"text-align: justify;\">De jour comme de nuit, vous pouvez compter sur l\u2019intervention d\u2019Arti Pro. Notre \u00e9quipe est dispos\u00e9e \u00e0 se rendre chez vous dans l\u2019imm\u00e9diat. Que vous vous trouviez sur l\u2019Avenue de Flore, la rue des Gaillons, l\u2019Avenue de l\u2019Aqueduc, l\u2019All\u00e9e de Frascati ou encore la rue de Nogent, nos experts sont \u00e0 votre disposition.<\/p>\n<p style=\"text-align: justify;\">Vos travaux de\u00a0<strong>d\u00e9pannage de volet roulant \u00e0 Saint-Cloud <\/strong>sont r\u00e9alis\u00e9s avec s\u00e9rieux. Notre \u00e9quipe accomplit toujours un bon diagnostic, un moyen de d\u00e9tecter la nature de la panne, la source du probl\u00e8me ainsi que la solution la plus efficace. S\u2019il faut remplacer un composant de votre volet roulant, la pi\u00e8ce d\u00e9fectueuse vous sera remise.<\/p>\n<h2 style=\"text-align: justify;\">Entretien et remplacement de volet roulant \u00e0 Saint-Cloud<\/h2>\n<p style=\"text-align: justify;\">La\u00a0<strong>maintenance de volet roulant \u00e0 Saint-Cloud <\/strong>vient compl\u00e9ter la liste de nos services. Nous disposons d\u2019artisans qualifi\u00e9s qui connaissent les techniques d\u2019entretien \u00e0 appliquer pour chaque type de volet roulant. Ils r\u00e9alisent l\u2019op\u00e9ration dans le but d\u2019optimiser la long\u00e9vit\u00e9 de l\u2019installation, mais aussi d\u2019accro\u00eetre sa performance. Parmi les t\u00e2ches r\u00e9alis\u00e9es, il y a entre autres le nettoyage des lames, du tablier et du coffre ainsi que la lubrification du syst\u00e8me m\u00e9canique.<\/p>\n<p style=\"text-align: justify;\">Nos techniciens sont aussi \u00e0 la disposition des particuliers et professionnels de Saint-Cloud qui d\u00e9sirent remplacer le moteur d\u2019un volet roulant ou le dispositif. Ce genre de projet demande effectivement un \u00e9norme savoir-faire technique. Il faut s\u00e9lectionner avec soin les pi\u00e8ces compatibles avec l\u2019installation existante. Notre \u00e9quipe garantit le fonctionnement optimal de votre volet roulant apr\u00e8s leur intervention.<\/p>\n<p style=\"text-align: justify;\">Par ailleurs, il est important de souligner que les nouvelles pi\u00e8ces install\u00e9es et les man\u0153uvres r\u00e9alis\u00e9es sont garantis. En effet, Arti Pro a souscrit \u00e0 diff\u00e9rents contrats d\u2019assurance. Vous aurez droit \u00e0 une bonne couverture en cas de malfa\u00e7on ou de litige.<\/p>\n<h2 style=\"text-align: justify;\">Profitez d\u2019une intervention de qualit\u00e9 dans toute la commune <strong>Saint-Cloud<\/strong><\/h2>\n<p style=\"text-align: justify;\">En ce qui concerne la zone d\u2019intervention de notre soci\u00e9t\u00e9 sp\u00e9cialis\u00e9e en volet roulant, elle inclut tout le territoire de Saint-Cloud. Notre \u00e9quipe a pour mission de satisfaire tous nos clients. La rue des Acquevilles, l\u2019Avenue de Fouilleuse, la rue du Mont Val\u00e9rien, la place du Moutier, la rue du Bac, le passage La Gare de Longchamp, la rue des Par\u00e9chaux, la Rue Gabriel Philippe, la rue des Nouvelles, le quai Gallieni\u2026sachez que tous ces secteurs font partie de nos zones d\u2019intervention tr\u00e8s larges.<\/p>\n<p style=\"text-align: justify;\">Nous vous promettons un service d\u2019exception, car nous disposons de techniciens comp\u00e9tents et s\u00e9rieux. Par ailleurs, vous pouvez compter sur la transparence de notre tarif. Notre \u00e9quipe va \u00e9tablir gratuitement votre devis\u00a0<strong>volet roulant Saint-Cloud <\/strong>, ce qui vous permettra d\u2019avoir un aper\u00e7u des d\u00e9penses \u00e0 engager en fonction des travaux programm\u00e9s. Peu importe le service demand\u00e9, votre satisfaction est garantie.<\/p>\n<p style=\"text-align: justify;\">Notre entreprise vous propose plusieurs produits de volets comme un volet battant, un volet roulant avec une manivelle ou une sangle ou encore un volet roulant \u00e9lectrique avec une t\u00e9l\u00e9commande. Tout nos produits et installations favorise l\u2019acc\u00e8s \u00e0 la motorisation ou \u00e0 l\u2019enroulement pour un roulant \u00e9lectrique ainsi qu\u2019au caisson en cas de probl\u00e8me ou d\u2019effraction pour le d\u00e9pannage et r\u00e9paration de vos fermetures. De plus, notre entreprise propose l\u2019installation de toute sorte d\u2019ouvertures motoris\u00e9s comme une porte du garage ou un produit de domotique. Pour l\u2019installation de tout nos produits, nous mettons en place la menuiserie (linteau) ainsi que les filaires pour les produits dans le besoin comme les roulants \u00e9lectriques Bubendorff. Une porte de garage motoris\u00e9 ou touts autres produits \u00e9tant motoris\u00e9s \u00e0 un besoin de filaire et donc de place compar\u00e9 \u00e0 des volets battants ou tout autres battants.<\/p>\n<\/div><\/section>\n","protected":false},"excerpt":{"rendered":"","protected":false},"author":1,"featured_media":0,"parent":0,"menu_order":0,"comment_status":"closed","ping_status":"closed","template":"","meta":{"footnotes":""},"class_list":["post-5131","page","type-page","status-publish","hentry"],"_links":{"self":[{"href":"https:\/\/volet-roulant-saint-cloud.fr\/index.php?rest_route=\/wp\/v2\/pages\/5131","targetHints":{"allow":["GET"]}}],"collection":[{"href":"https:\/\/volet-roulant-saint-cloud.fr\/index.php?rest_route=\/wp\/v2\/pages"}],"about":[{"href":"https:\/\/volet-roulant-saint-cloud.fr\/index.php?rest_route=\/wp\/v2\/types\/page"}],"author":[{"embeddable":true,"href":"https:\/\/volet-roulant-saint-cloud.fr\/index.php?rest_route=\/wp\/v2\/users\/1"}],"replies":[{"embeddable":true,"href":"https:\/\/volet-roulant-saint-cloud.fr\/index.php?rest_route=%2Fwp%2Fv2%2Fcomments&post=5131"}],"version-history":[{"count":4,"href":"https:\/\/volet-roulant-saint-cloud.fr\/index.php?rest_route=\/wp\/v2\/pages\/5131\/revisions"}],"predecessor-version":[{"id":5668,"href":"https:\/\/volet-roulant-saint-cloud.fr\/index.php?rest_route=\/wp\/v2\/pages\/5131\/revisions\/5668"}],"wp:attachment":[{"href":"https:\/\/volet-roulant-saint-cloud.fr\/index.php?rest_route=%2Fwp%2Fv2%2Fmedia&parent=5131"}],"curies":[{"name":"wp","href":"https:\/\/api.w.org\/{rel}","templated":true}]}}