{"id":5230,"date":"2019-01-29T09:03:39","date_gmt":"2019-01-29T08:03:39","guid":{"rendered":"https:\/\/volet-roulant16.paris\/?page_id=5230"},"modified":"2020-12-16T14:58:54","modified_gmt":"2020-12-16T14:58:54","slug":"depannage","status":"publish","type":"page","link":"https:\/\/volet-roulant-saint-cloud.fr\/?page_id=5230","title":{"rendered":"D\u00e9pannage"},"content":{"rendered":"<div id='av_section_1' class='avia-section main_color avia-section-no-padding avia-no-border-styling avia-full-stretch avia-bg-style-fixed  avia-builder-el-0  el_before_av_one_half  avia-builder-el-first   av-minimum-height av-minimum-height-75  container_wrap fullsize' style='background-repeat: no-repeat; background-image: url(https:\/\/volet-roulant-saint-cloud.fr\/wp-content\/uploads\/2019\/01\/sp\u00e9cialiste-du-16\u00e8me-arrondissement-de-paris-depuis-plus-de-20-ans.jpg);background-attachment: fixed; background-position: center center;  '  data-section-bg-repeat='stretch' data-av_minimum_height_pc='75'><div class='container' ><main  role=\"main\" itemprop=\"mainContentOfPage\"  class='template-page content  av-content-full alpha units'><div class='post-entry post-entry-type-page post-entry-5230'><div class='entry-content-wrapper clearfix'>\n<div class=\"flex_column av_one_full  flex_column_div first  avia-builder-el-1  avia-builder-el-no-sibling  \" style='background: rgba(10,10,10,0.49); padding:40px; background-color:rgba(10,10,10,0.49); border-radius:0px; '><div style='padding-bottom:10px; color:#ffffff;' class='av-special-heading av-special-heading-h1 custom-color-heading blockquote modern-quote modern-centered  avia-builder-el-2  avia-builder-el-no-sibling   '><h1 class='av-special-heading-tag '  itemprop=\"headline\"  >D\u00e9pannage de votre volet roulant \u00e0 Saint Cloud<\/h1><div class='special-heading-border'><div class='special-heading-inner-border' style='border-color:#ffffff'><\/div><\/div><\/div><\/div>\n<\/div><\/div><\/main><!-- close content main element --><\/div><\/div><div id='after_section_1' class='main_color av_default_container_wrap container_wrap fullsize' style=' '  ><div class='container' ><div class='template-page content  av-content-full alpha units'><div class='post-entry post-entry-type-page post-entry-5230'><div class='entry-content-wrapper clearfix'>\n<div class='flex_column_table av-equal-height-column-flextable -flextable' style='margin-top:-200px; margin-bottom:-200px; box-shadow: 0 0 10px 0 #b02b2c; '><div class=\"flex_column av_one_half  no_margin flex_column_table_cell av-equal-height-column av-align-middle first  avia-builder-el-3  el_after_av_section  el_before_av_one_half  avia-builder-el-first  \" style='background: #f2f2f2; padding:40px; background-color:#f2f2f2; border-radius:0px; '><section class=\"av_textblock_section \"  itemscope=\"itemscope\" itemtype=\"https:\/\/schema.org\/CreativeWork\" ><div class='avia_textblock  '   itemprop=\"text\" ><h1>Arti Pro\u00a0: sp\u00e9cialiste du volet roulant \u00e0 Saint Cloud \u00e0 votre service<\/h1>\n<p>Le volet roulant est un type d\u2019ouverture de plus en plus appr\u00e9ci\u00e9 vu les nombreux avantages qu\u2019il promet. Il offre une s\u00e9curit\u00e9 optimale et am\u00e9liore le confort peu importe les conditions climatiques. Si vous cherchez un expert en <a href=\"https:\/\/volet-roulant-saint-cloud.fr\/\"><strong>volet roulant Saint Cloud<\/strong><\/a>, vous \u00eates au bon endroit. D\u00e9couvrez les services que vous pouvez profiter chez Arti Pro.<\/p>\n<\/div><\/section><br \/>\n<div style='height:10px' class='hr hr-invisible   avia-builder-el-5  el_after_av_textblock  el_before_av_button '><span class='hr-inner ' ><span class='hr-inner-style'><\/span><\/span><\/div><br \/>\n<div class='avia-button-wrap avia-button-center  avia-builder-el-6  el_after_av_hr  avia-builder-el-last '><a href='#contact'  class='avia-button   avia-icon_select-no avia-color-custom avia-size-large avia-position-center '  style='background-color:#444444; border-color:#444444; color:#ffffff; ' ><span class='avia_iconbox_title' >DEVIS GRATUIT<\/span><\/a><\/div><\/p><\/div><div class=\"flex_column av_one_half  no_margin flex_column_table_cell av-equal-height-column av-align-middle av-zero-column-padding   avia-builder-el-7  el_after_av_one_half  el_before_av_hr  \" style='border-radius:0px; '><div class='avia-image-container  av-styling-    avia-builder-el-8  avia-builder-el-no-sibling  avia-align-center '  itemprop=\"image\" itemscope=\"itemscope\" itemtype=\"https:\/\/schema.org\/ImageObject\"  ><div class='avia-image-container-inner'><div class='avia-image-overlay-wrap'><img class='avia_image' src='https:\/\/volet-roulant-saint-cloud.fr\/wp-content\/uploads\/2019\/01\/depannage_volet_roulant_paris_16-1030x692.jpg' alt='Entretien volet roulant Paris 16e' title='Entretien volet roulant Saint Cloud' height=\"692\" width=\"1030\"  itemprop=\"thumbnailUrl\"  \/><\/div><\/div><\/div><\/div><\/div><!--close column table wrapper. Autoclose: 1 --><\/p>\n<div style='height:250px' class='hr hr-invisible   avia-builder-el-9  el_after_av_one_half  el_before_av_textblock '><span class='hr-inner ' ><span class='hr-inner-style'><\/span><\/span><\/div>\n<section class=\"av_textblock_section \"  itemscope=\"itemscope\" itemtype=\"https:\/\/schema.org\/CreativeWork\" ><div class='avia_textblock  '   itemprop=\"text\" ><h2 style=\"text-align: justify;\">Service de d\u00e9pannage de volet roulant \u00e0 Saint Cloud<\/h2>\n<p style=\"text-align: justify;\">Si\u00a0 votre habitat, votre commerce ou votre local professionnel est d\u00e9j\u00e0 \u00e9quip\u00e9 d\u2019un volet roulant et que le dispositif est en panne, contactez-nous. Suite \u00e0 la force de l\u2019\u00e2ge ou bien aux intemp\u00e9ries, le syst\u00e8me peut conna\u00eetre divers probl\u00e8mes comme un moteur endommag\u00e9, un d\u00e9battant cass\u00e9 ou une manivelle en panne.<\/p>\n<p style=\"text-align: justify;\">Peu importe le type de panne, notre expert du <strong>volet roulant \u00e0 Saint Cloud<\/strong> peut r\u00e9tablir le bon fonctionnement de votre dispositif. Pour les probl\u00e8mes qui requi\u00e8rent une intervention rapide, vous pouvez aussi nous faire confiance. Notre \u00e9quipe est dispos\u00e9e \u00e0 se rendre chez vous dans l\u2019imm\u00e9diat. Que vous vous trouviez sur l\u2019Avenue de Flore, la rue des Gaillons, l\u2019Avenue de l\u2019Aqueduc, l\u2019All\u00e9e de Frascati ou encore la rue de Nogent, nos experts sont \u00e0 votre disposition.<\/p>\n<p style=\"text-align: justify;\">La qualit\u00e9 du service de d\u00e9pannage est garantie, car l\u2019intervention commence toujours par un examen permettant d\u2019\u00e9tablir un diagnostic pr\u00e9cis et coh\u00e9rent. La r\u00e9paration s\u2019effectue donc avec pr\u00e9cision, ce qui \u00e9limine les risques de malfa\u00e7on ou l\u2019amplification du probl\u00e8me. En d\u2019autres mots, nous vous promettons une intervention r\u00e9ussie avec z\u00e9ro d\u00e9g\u00e2t peu importe le genre de souci que vous rencontrez avec votre volet.<\/p>\n<h2 style=\"text-align: justify;\">Service de pose de volet roulant \u00e0 Saint Cloud<\/h2>\n<p style=\"text-align: justify;\">L\u2019<a href=\"https:\/\/volet-roulant-saint-cloud.fr\/installation\/\"><strong>installation de volet roulant Saint Cloud <\/strong><\/a>est une op\u00e9ration technique et les d\u00e9marches \u00e0 faire varient fonction du type de dispositif choisi\u00a0: mod\u00e8les monobloc, solaire, r\u00e9novation et traditionnel\u00a0; manuel et \u00e9lectrique\u00a0; en PVC, en aluminium ou encore en le bois. La pr\u00e9cision est de mise lors de la r\u00e9alisation des travaux. Il suffit d\u2019une erreur pour provoquer un dysfonctionnement et r\u00e9duire ainsi la durabilit\u00e9 du dispositif. Raison pour laquelle, il vous faut l\u2019aide de notre <strong>sp\u00e9cialiste en volet roulant Saint Cloud<\/strong>.<\/p>\n<p style=\"text-align: justify;\">Notre artisan use de son savoir-faire pour r\u00e9ussir vos travaux. De plus, il peut intervenir sur diff\u00e9rents types de volets roulants. Que vous vous trouviez \u00e0 Coteaux\/Bord-de-Seine, Fouilleuse\/Val d\u2019Or, Pasteur\/Magenta, Montretout\/Coutureau ou dans le quartier du Centre, vous pouvez compter sur notre service qualifi\u00e9 pour la pose de votre volet roulant.<\/p>\n<h2 style=\"text-align: justify;\">Service de r\u00e9novation ou de remplacement volet roulant Saint Cloud<\/h2>\n<p style=\"text-align: justify;\">S\u2019il faut remplacer certains \u00e9l\u00e9ments afin de remettre en \u00e9tat votre <a href=\"https:\/\/volet-roulant-saint-cloud.fr\/reparation\/\"><strong>volet roulant \u00e0 Saint Cloud<\/strong><\/a>, notre expert peut \u00e9galement prendre en charge ces travaux. Peu importe la marque, le type et la sp\u00e9cificit\u00e9 du volet roulant, il est en mesure de r\u00e9ussir l\u2019op\u00e9ration. Nos techniciens interviennent en effet sur tout type de volet roulant.<\/p>\n<p style=\"text-align: justify;\">S\u2019il est n\u00e9cessaire de remplacer le moteur par exemple, le professionnel qui s\u2019occupera de la mission sera en mesure de choisir l\u2019engin compatible avec votre volet roulant. En outre, il ma\u00eetrise les techniques \u00e0 appliquer pour que le dispositif retrouve son efficacit\u00e9. S\u2019il faut remplacer enti\u00e8rement votre volet roulant Saint Cloud, sachez que notre expert peut concr\u00e9tiser votre projet de r\u00e9novation.<\/p>\n<p style=\"text-align: justify;\">N\u2019h\u00e9sitez plus \u00e0 demander votre devis. Notre ambition est de satisfaire tous les habitants de cette commune r\u00e9put\u00e9e pour ses monuments et sites historiques pour ne citer que l\u2019\u00e9glise du centre ou Saint-Clodoald, le domaine national de Saint-Cloud et l\u2019hippodrome.<\/p>\n<\/div><\/section>\n","protected":false},"excerpt":{"rendered":"","protected":false},"author":1,"featured_media":0,"parent":0,"menu_order":0,"comment_status":"closed","ping_status":"closed","template":"","meta":{"footnotes":""},"class_list":["post-5230","page","type-page","status-publish","hentry"],"_links":{"self":[{"href":"https:\/\/volet-roulant-saint-cloud.fr\/index.php?rest_route=\/wp\/v2\/pages\/5230","targetHints":{"allow":["GET"]}}],"collection":[{"href":"https:\/\/volet-roulant-saint-cloud.fr\/index.php?rest_route=\/wp\/v2\/pages"}],"about":[{"href":"https:\/\/volet-roulant-saint-cloud.fr\/index.php?rest_route=\/wp\/v2\/types\/page"}],"author":[{"embeddable":true,"href":"https:\/\/volet-roulant-saint-cloud.fr\/index.php?rest_route=\/wp\/v2\/users\/1"}],"replies":[{"embeddable":true,"href":"https:\/\/volet-roulant-saint-cloud.fr\/index.php?rest_route=%2Fwp%2Fv2%2Fcomments&post=5230"}],"version-history":[{"count":0,"href":"https:\/\/volet-roulant-saint-cloud.fr\/index.php?rest_route=\/wp\/v2\/pages\/5230\/revisions"}],"wp:attachment":[{"href":"https:\/\/volet-roulant-saint-cloud.fr\/index.php?rest_route=%2Fwp%2Fv2%2Fmedia&parent=5230"}],"curies":[{"name":"wp","href":"https:\/\/api.w.org\/{rel}","templated":true}]}}