{"id":5263,"date":"2019-01-29T10:55:46","date_gmt":"2019-01-29T09:55:46","guid":{"rendered":"https:\/\/volet-roulant16.paris\/?page_id=5263"},"modified":"2020-12-09T08:53:30","modified_gmt":"2020-12-09T08:53:30","slug":"volets-roulants-2","status":"publish","type":"page","link":"https:\/\/volet-roulant-saint-cloud.fr\/?page_id=5263","title":{"rendered":"Volets roulants"},"content":{"rendered":"<div id='av_section_1' class='avia-section main_color avia-section-no-padding avia-no-border-styling avia-full-stretch avia-bg-style-fixed  avia-builder-el-0  el_before_av_one_half  avia-builder-el-first   av-minimum-height av-minimum-height-75  container_wrap fullsize' style='background-repeat: no-repeat; background-image: url(https:\/\/volet-roulant-saint-cloud.fr\/wp-content\/uploads\/2019\/01\/sp\u00e9cialiste-du-16\u00e8me-arrondissement-de-paris-depuis-plus-de-20-ans.jpg);background-attachment: fixed; background-position: center center;  '  data-section-bg-repeat='stretch' data-av_minimum_height_pc='75'><div class='container' ><main  role=\"main\" itemprop=\"mainContentOfPage\"  class='template-page content  av-content-full alpha units'><div class='post-entry post-entry-type-page post-entry-5263'><div class='entry-content-wrapper clearfix'>\n<div class=\"flex_column av_one_full  flex_column_div first  avia-builder-el-1  avia-builder-el-no-sibling  \" style='background: rgba(10,10,10,0.49); padding:40px; background-color:rgba(10,10,10,0.49); border-radius:0px; '><div style='padding-bottom:10px; color:#ffffff;' class='av-special-heading av-special-heading-h1 custom-color-heading blockquote modern-quote modern-centered  avia-builder-el-2  avia-builder-el-no-sibling   '><h1 class='av-special-heading-tag '  itemprop=\"headline\"  >Arti Pro, Sp\u00e9cialiste du volet roulant \u00e0 Saint Cloud<\/h1><div class='special-heading-border'><div class='special-heading-inner-border' style='border-color:#ffffff'><\/div><\/div><\/div><\/div><\/div><\/div><\/main><!-- close content main element --><\/div><\/div><div id='after_section_1' class='main_color av_default_container_wrap container_wrap fullsize' style=' '  ><div class='container' ><div class='template-page content  av-content-full alpha units'><div class='post-entry post-entry-type-page post-entry-5263'><div class='entry-content-wrapper clearfix'><div class='flex_column_table av-equal-height-column-flextable -flextable' style='margin-top:-200px; margin-bottom:-200px; box-shadow: 0 0 10px 0 #b02b2c; '><div class=\"flex_column av_one_half  no_margin flex_column_table_cell av-equal-height-column av-align-middle first  avia-builder-el-3  el_after_av_section  el_before_av_one_half  avia-builder-el-first  \" style='background: #f2f2f2; padding:40px; background-color:#f2f2f2; border-radius:0px; '><section class=\"av_textblock_section \"  itemscope=\"itemscope\" itemtype=\"https:\/\/schema.org\/CreativeWork\" ><div class='avia_textblock  '   itemprop=\"text\" ><h2>Volets roulants : manuels ou motoris\u00e9s ? Entreprise Arti Pro \u2013 Saint Cloud<\/h2>\n<p style=\"text-align: justify;\">Vous habitez <strong>Paris 15<\/strong> et vous souhaitez <a href=\"https:\/\/volet-roulant-saint-cloud.fr\/installation\/\"><strong>installer un volet roulant<\/strong><\/a>\u00a0? Vous \u00eates perdu et vous ne savez pas quel mod\u00e8le choisir\u00a0? Un <strong>volet manuel ou motoris\u00e9<\/strong>\u00a0? Ne vous en faites pas\u00a0! <strong>Arti Pro<\/strong> vous dira tout et vous aide \u00e0 faire le meilleur choix.<\/p>\n<\/div><\/section><br \/>\n<div style='height:20px' class='hr hr-invisible   avia-builder-el-5  el_after_av_textblock  el_before_av_button '><span class='hr-inner ' ><span class='hr-inner-style'><\/span><\/span><\/div><br \/>\n<div class='avia-button-wrap avia-button-center  avia-builder-el-6  el_after_av_hr  avia-builder-el-last '><a href='#contact'  class='avia-button   avia-icon_select-no avia-color-custom avia-size-large avia-position-center '  style='background-color:#444444; border-color:#444444; color:#ffffff; ' ><span class='avia_iconbox_title' >DEVIS GRATUIT<\/span><\/a><\/div><\/p><\/div><div class=\"flex_column av_one_half  no_margin flex_column_table_cell av-equal-height-column av-align-middle av-zero-column-padding   avia-builder-el-7  el_after_av_one_half  el_before_av_hr  \" style='border-radius:0px; '><div class='avia-image-container  av-styling-    avia-builder-el-8  avia-builder-el-no-sibling  avia-align-center '  itemprop=\"image\" itemscope=\"itemscope\" itemtype=\"https:\/\/schema.org\/ImageObject\"  ><div class='avia-image-container-inner'><div class='avia-image-overlay-wrap'><img class='avia_image' src='https:\/\/volet-roulant-saint-cloud.fr\/wp-content\/uploads\/2019\/01\/43218.jpg' alt='' title='empty room with glass window' height=\"1061\" width=\"1120\"  itemprop=\"thumbnailUrl\"  \/><\/div><\/div><\/div><\/div><\/div><!--close column table wrapper. Autoclose: 1 --><\/p>\n<div style='height:250px' class='hr hr-invisible   avia-builder-el-9  el_after_av_one_half  el_before_av_textblock '><span class='hr-inner ' ><span class='hr-inner-style'><\/span><\/span><\/div>\n<section class=\"av_textblock_section \"  itemscope=\"itemscope\" itemtype=\"https:\/\/schema.org\/CreativeWork\" ><div class='avia_textblock  '   itemprop=\"text\" ><h2>Pourquoi installer un volet roulant manuel\u00a0?<\/h2>\n<p style=\"text-align: justify;\">Si vous \u00eates \u00e0 la recherche d\u2019une solution \u00e9conomique, le <strong>volet roulant manuel<\/strong> est l\u2019option la plus recommand\u00e9e. Il est simple \u00e0 installer et vous apporte beaucoup de\u00a0 confort par rapport aux mod\u00e8les traditionnels. Par ailleurs, ce mod\u00e8le vous procure une excellente isolation \u00e0 moindre co\u00fbt. De plus, vous dites au revoir aux \u00e9ventuels probl\u00e8mes de moteur.<\/p>\n<p style=\"text-align: justify;\"><strong>Acheter un volet roulant manuel<\/strong>, c\u2019est donc la garantie de faire une tr\u00e8s bonne affaire. Compar\u00e9 aux mod\u00e8les \u00e9lectriques, son tarif est tr\u00e8s abordable.<\/p>\n<p style=\"text-align: justify;\">A noter que l\u2019isolation peut \u00eatre moins bonne qu\u2019avec le <strong>volet roulant motoris\u00e9<\/strong>. De plus, il est difficile de manipuler ce mod\u00e8le de volets, puisqu\u2019il faut l\u2019actionner \u00e0 la force de vos bras.<\/p>\n<h2>Pourquoi choisir un volet roulant motoris\u00e9\u00a0?<\/h2>\n<p style=\"text-align: justify;\">Pour avoir le meilleur confort possible, rien de mieux que d\u2019opter pour un <strong>volet roulant motoris\u00e9<\/strong>. En choisissant ce mod\u00e8le, il suffit d\u2019appuyer sur un petit bouton pour monter\u00a0\/ baisser le volet. Pour rappel, il existe m\u00eame des mod\u00e8les dot\u00e9s d\u2019une t\u00e9l\u00e9commande.<\/p>\n<p style=\"text-align: justify;\">Le <strong>volet roulant \u00e9lectrique<\/strong> est \u00e9quip\u00e9 d\u2019un coffre ferm\u00e9, ce qui offre aux utilisateurs une meilleure isolation. Certains mod\u00e8les sont \u00e9quip\u00e9s de fonctions avanc\u00e9es, notamment une alarme int\u00e9gr\u00e9e, un syst\u00e8me anti-arrachement, anti-crochetage, etc. A noter que le prix d\u2019un volet motoris\u00e9 est assez \u00e9lev\u00e9.<\/p>\n<p style=\"text-align: justify;\">Et la bonne nouvelle\u00a0: ce volet est capable de d\u00e9tecter un obstacle sur sa trajectoire et de se bloquer automatiquement. Il suffit de choisir le bon mod\u00e8le. Ne vous en faites pas\u00a0! Nos experts pourront vous aider \u00e0 faire le bon choix.<\/p>\n<p style=\"text-align: justify;\">Pour <strong>installer votre volet roulant \u00e0 Paris<\/strong> <strong>15<\/strong>, n\u2019h\u00e9sitez pas \u00e0 faire appel \u00e0 nos experts. Nous sommes disponibles \u00e0 tout moment\u00a0! Et, cerise sur le g\u00e2teau, nos prix sont tr\u00e8s abordables. Vous aurez sans doute une excellente prestation.<\/p>\n<h4>En savoir plus sur nos prestations :<\/h4>\n<ul>\n<li><a href=\"https:\/\/volet-roulant-saint-cloud.fr\/stores-interieurs-2\/\"><strong>Stores int\u00e9rieurs\u00a0: quel syst\u00e8me d\u2019ouverture\u00a0?<\/strong><\/a><\/li>\n<li><strong><a href=\"https:\/\/volet-roulant-saint-cloud.fr\/rideau-metallique\/\">Rideau m\u00e9tallique\u00a0: achat et prix<\/a><\/strong><\/li>\n<\/ul>\n<\/div><\/section>\n","protected":false},"excerpt":{"rendered":"","protected":false},"author":1,"featured_media":0,"parent":0,"menu_order":0,"comment_status":"closed","ping_status":"closed","template":"","meta":{"footnotes":""},"class_list":["post-5263","page","type-page","status-publish","hentry"],"_links":{"self":[{"href":"https:\/\/volet-roulant-saint-cloud.fr\/index.php?rest_route=\/wp\/v2\/pages\/5263","targetHints":{"allow":["GET"]}}],"collection":[{"href":"https:\/\/volet-roulant-saint-cloud.fr\/index.php?rest_route=\/wp\/v2\/pages"}],"about":[{"href":"https:\/\/volet-roulant-saint-cloud.fr\/index.php?rest_route=\/wp\/v2\/types\/page"}],"author":[{"embeddable":true,"href":"https:\/\/volet-roulant-saint-cloud.fr\/index.php?rest_route=\/wp\/v2\/users\/1"}],"replies":[{"embeddable":true,"href":"https:\/\/volet-roulant-saint-cloud.fr\/index.php?rest_route=%2Fwp%2Fv2%2Fcomments&post=5263"}],"version-history":[{"count":0,"href":"https:\/\/volet-roulant-saint-cloud.fr\/index.php?rest_route=\/wp\/v2\/pages\/5263\/revisions"}],"wp:attachment":[{"href":"https:\/\/volet-roulant-saint-cloud.fr\/index.php?rest_route=%2Fwp%2Fv2%2Fmedia&parent=5263"}],"curies":[{"name":"wp","href":"https:\/\/api.w.org\/{rel}","templated":true}]}}