{"id":5264,"date":"2019-01-29T10:59:28","date_gmt":"2019-01-29T09:59:28","guid":{"rendered":"https:\/\/volet-roulant16.paris\/?page_id=5264"},"modified":"2020-12-09T08:50:50","modified_gmt":"2020-12-09T08:50:50","slug":"rideau-metallique","status":"publish","type":"page","link":"https:\/\/volet-roulant-saint-cloud.fr\/?page_id=5264","title":{"rendered":"Rideau m\u00e9tallique"},"content":{"rendered":"<div id='av_section_1' class='avia-section main_color avia-section-no-padding avia-no-border-styling avia-full-stretch avia-bg-style-fixed  avia-builder-el-0  el_before_av_textblock  avia-builder-el-first   av-minimum-height av-minimum-height-75  container_wrap fullsize' style='background-repeat: no-repeat; background-image: url(https:\/\/volet-roulant-saint-cloud.fr\/wp-content\/uploads\/2019\/01\/sp\u00e9cialiste-du-16\u00e8me-arrondissement-de-paris-depuis-plus-de-20-ans.jpg);background-attachment: fixed; background-position: center center;  '  data-section-bg-repeat='stretch' data-av_minimum_height_pc='75'><div class='container' ><main  role=\"main\" itemprop=\"mainContentOfPage\"  class='template-page content  av-content-full alpha units'><div class='post-entry post-entry-type-page post-entry-5264'><div class='entry-content-wrapper clearfix'>\n<div class=\"flex_column av_one_full  flex_column_div first  avia-builder-el-1  avia-builder-el-no-sibling  \" style='background: rgba(10,10,10,0.49); padding:40px; background-color:rgba(10,10,10,0.49); border-radius:0px; '><div style='padding-bottom:10px; color:#ffffff;' class='av-special-heading av-special-heading-h1 custom-color-heading blockquote modern-quote modern-centered  avia-builder-el-2  avia-builder-el-no-sibling   '><h1 class='av-special-heading-tag '  itemprop=\"headline\"  >D\u00e9pannage Rideaux M\u00e9talliques \u00e0 Saint Cloud<\/h1><div class='special-heading-border'><div class='special-heading-inner-border' style='border-color:#ffffff'><\/div><\/div><\/div><\/div><\/div><\/div><\/main><!-- close content main element --><\/div><\/div><div id='after_section_1' class='main_color av_default_container_wrap container_wrap fullsize' style=' '  ><div class='container' ><div class='template-page content  av-content-full alpha units'><div class='post-entry post-entry-type-page post-entry-5264'><div class='entry-content-wrapper clearfix'><section class=\"av_textblock_section \"  itemscope=\"itemscope\" itemtype=\"https:\/\/schema.org\/CreativeWork\" ><div class='avia_textblock  '   itemprop=\"text\" ><h2>Rideau m\u00e9tallique : achat et prix. Entreprise Arti Pro \u2013 Saint Cloud<\/h2>\n<p><strong><a href=\"https:\/\/volet-roulant-saint-cloud.fr\/installation\/\">L&rsquo;installation d&rsquo;un rideau m\u00e9tallique<\/a><\/strong> est une solution de protection tr\u00e8s efficace, et est de plus en plus utilis\u00e9e par les professionnels et les particuliers \u00e0 <strong>Paris 15<\/strong> et partout en France. D\u00e9couvrons plus sur <strong>l\u2019achat et le prix des rideaux m\u00e9talliques<\/strong>.<\/p>\n<h2>L\u2019achat d\u2019un rideau m\u00e9tallique \u00e0 Saint Cloud<\/h2>\n<p><strong>L\u2019achat d\u2019un rideau m\u00e9tallique<\/strong> ne doit pas \u00eatre fait \u00e0 l\u2019improviste. Pour \u00eatre s\u00fbr de faire une bonne affaire, il est pr\u00e9f\u00e9rable de prendre l\u2019avis d\u2019un professionnel.<\/p>\n<p style=\"text-align: justify;\">Pour <strong>choisir le bon rideau m\u00e9tallique<\/strong>, de nombreux points doivent \u00eatre pris en compte, notamment le syst\u00e8me de man\u0153uvre, qui est un crit\u00e8re d\u00e9terminant. Par ailleurs, il existe de nombreux mod\u00e8les de rideaux disponibles sur le march\u00e9, \u00e0 savoir\u00a0; les rideaux \u00e0 lames pleines, tubes ondul\u00e9s\u2026 ou \u00e0 lames micro-perfor\u00e9es. Difficile donc de faire le bon choix. Ne vous en faites pas\u00a0! Nos experts sont \u00e0 votre disposition pour vous guider. N\u2019h\u00e9sitez pas \u00e0 nous appeler \u00e0 tout moment\u00a0!<\/p>\n<h2>Le prix d\u2019un rideau m\u00e9tallique<\/h2>\n<p style=\"text-align: justify;\">Pour <strong>acheter un rideau m\u00e9tallique<\/strong>, le prix moyen se situe entre 500 et 5 000 euros, sans compter les frais d\u2019installation. Le tarif d\u00e9pend principalement de la mod\u00e8le privil\u00e9gi\u00e9\u00a0:<\/p>\n<ul>\n<li>Un <strong>rideau m\u00e9tallique manuel<\/strong> co\u00fbte entre 500 et 2\u00a0000 euros\u00a0;<\/li>\n<li>Entre 1\u00a0000 et 3\u00a0000 euros pour un <strong>rideau m\u00e9tallique \u00e0 moteur central<\/strong>;<\/li>\n<li>Il faut compter entre 1\u00a0500 et 5\u00a0000 pour <strong>un rideau m\u00e9tallique \u00e9lectrique<\/strong>;<\/li>\n<li>Entre 1\u00a0000 et 5\u00a0000 pour une <strong>grille articul\u00e9e\u00a0<\/strong>;<\/li>\n<\/ul>\n<p style=\"text-align: justify;\">Le prix d\u2019un rideau m\u00e9tallique d\u00e9pend de nombreux points, notamment les dimensions de la grille, avec ou son moteur, le mod\u00e8le du rideau, etc.<\/p>\n<p style=\"text-align: justify;\">Pour \u00eatre s\u00fbr de faire le bon choix, n\u2019h\u00e9sitez pas \u00e0 faire appel \u00e0 nos experts\u00a0! Nous r\u00e9pondrons \u00e0 toutes vos questions et vous orienterons vers le mod\u00e8le le plus adapt\u00e9 \u00e0 vos besoins et \u00e0 votre budget.<\/p>\n<h2><strong>Les tarifs d\u2019installation d\u2019un rideau m\u00e9tallique<\/strong><\/h2>\n<p style=\"text-align: justify;\">Quant au <strong>tarif de pose d\u2019un rideau m\u00e9tallique<\/strong>, il est situ\u00e9 entre 500 et 1\u00a0000 euros. Tout d\u00e9pend de la difficult\u00e9 du chantier. Pour \u00eatre certain d\u2019avoir l\u2019offre la plus avantageuse, rien de mieux que de contacter la soci\u00e9t\u00e9 <strong>Arti Pro<\/strong>\u00a0! Nos prix sont tr\u00e8s avantageux.<\/p>\n<h4>En savoir plus sur nos prestations :<\/h4>\n<ul>\n<li><a href=\"https:\/\/volet-roulant-saint-cloud.fr\/stores-interieurs-2\/\"><strong>Stores int\u00e9rieurs\u00a0: quel syst\u00e8me d\u2019ouverture\u00a0?<\/strong><\/a><\/li>\n<li><strong><a href=\"https:\/\/volet-roulant-saint-cloud.fr\/volets-roulants-2\/\">Volets roulants\u00a0: manuels ou motoris\u00e9s\u00a0?<\/a><\/strong><\/li>\n<\/ul>\n<\/div><\/section><\/p>\n","protected":false},"excerpt":{"rendered":"","protected":false},"author":1,"featured_media":0,"parent":0,"menu_order":0,"comment_status":"closed","ping_status":"closed","template":"","meta":{"footnotes":""},"class_list":["post-5264","page","type-page","status-publish","hentry"],"_links":{"self":[{"href":"https:\/\/volet-roulant-saint-cloud.fr\/index.php?rest_route=\/wp\/v2\/pages\/5264","targetHints":{"allow":["GET"]}}],"collection":[{"href":"https:\/\/volet-roulant-saint-cloud.fr\/index.php?rest_route=\/wp\/v2\/pages"}],"about":[{"href":"https:\/\/volet-roulant-saint-cloud.fr\/index.php?rest_route=\/wp\/v2\/types\/page"}],"author":[{"embeddable":true,"href":"https:\/\/volet-roulant-saint-cloud.fr\/index.php?rest_route=\/wp\/v2\/users\/1"}],"replies":[{"embeddable":true,"href":"https:\/\/volet-roulant-saint-cloud.fr\/index.php?rest_route=%2Fwp%2Fv2%2Fcomments&post=5264"}],"version-history":[{"count":0,"href":"https:\/\/volet-roulant-saint-cloud.fr\/index.php?rest_route=\/wp\/v2\/pages\/5264\/revisions"}],"wp:attachment":[{"href":"https:\/\/volet-roulant-saint-cloud.fr\/index.php?rest_route=%2Fwp%2Fv2%2Fmedia&parent=5264"}],"curies":[{"name":"wp","href":"https:\/\/api.w.org\/{rel}","templated":true}]}}