{"id":5265,"date":"2019-01-29T11:02:23","date_gmt":"2019-01-29T10:02:23","guid":{"rendered":"https:\/\/volet-roulant16.paris\/?page_id=5265"},"modified":"2020-12-09T08:51:50","modified_gmt":"2020-12-09T08:51:50","slug":"stores-interieurs-2","status":"publish","type":"page","link":"https:\/\/volet-roulant-saint-cloud.fr\/?page_id=5265","title":{"rendered":"Stores int\u00e9rieurs"},"content":{"rendered":"<div id='av_section_1' class='avia-section main_color avia-section-no-padding avia-no-border-styling avia-full-stretch avia-bg-style-fixed  avia-builder-el-0  el_before_av_one_half  avia-builder-el-first   av-minimum-height av-minimum-height-75  container_wrap fullsize' style='background-repeat: no-repeat; background-image: url(https:\/\/volet-roulant-saint-cloud.fr\/wp-content\/uploads\/2019\/01\/sp\u00e9cialiste-du-16\u00e8me-arrondissement-de-paris-depuis-plus-de-20-ans.jpg);background-attachment: fixed; background-position: center center;  '  data-section-bg-repeat='stretch' data-av_minimum_height_pc='75'><div class='container' ><main  role=\"main\" itemprop=\"mainContentOfPage\"  class='template-page content  av-content-full alpha units'><div class='post-entry post-entry-type-page post-entry-5265'><div class='entry-content-wrapper clearfix'>\n<div class=\"flex_column av_one_full  flex_column_div first  avia-builder-el-1  avia-builder-el-no-sibling  \" style='background: rgba(10,10,10,0.49); padding:40px; background-color:rgba(10,10,10,0.49); border-radius:0px; '><div style='padding-bottom:10px; color:#ffffff;' class='av-special-heading av-special-heading-h1 custom-color-heading blockquote modern-quote modern-centered  avia-builder-el-2  avia-builder-el-no-sibling   '><h1 class='av-special-heading-tag '  itemprop=\"headline\"  >D\u00e9pannage de votre store \u00e0 Saint Cloud<\/h1><div class='special-heading-border'><div class='special-heading-inner-border' style='border-color:#ffffff'><\/div><\/div><\/div><\/div><\/div><\/div><\/main><!-- close content main element --><\/div><\/div><div id='after_section_1' class='main_color av_default_container_wrap container_wrap fullsize' style=' '  ><div class='container' ><div class='template-page content  av-content-full alpha units'><div class='post-entry post-entry-type-page post-entry-5265'><div class='entry-content-wrapper clearfix'><div class='flex_column_table av-equal-height-column-flextable -flextable' style='margin-top:-200px; margin-bottom:-200px; box-shadow: 0 0 10px 0 #b02b2c; '><div class=\"flex_column av_one_half  no_margin flex_column_table_cell av-equal-height-column av-align-middle first  avia-builder-el-3  el_after_av_section  el_before_av_one_half  avia-builder-el-first  \" style='background: #f2f2f2; padding:40px; background-color:#f2f2f2; border-radius:0px; '><section class=\"av_textblock_section \"  itemscope=\"itemscope\" itemtype=\"https:\/\/schema.org\/CreativeWork\" ><div class='avia_textblock  '   itemprop=\"text\" ><h2>Stores int\u00e9rieurs\u00a0: quel syst\u00e8me d\u2019ouverture\u00a0?<\/h2>\n<p><strong><a href=\"https:\/\/volet-roulant-saint-cloud.fr\/installation\/\">Entreprise Arti Pro \u2013 Saint Cloud<\/a><\/strong><\/p>\n<p style=\"text-align: justify;\">Comme vous le savez sans doute, c\u2019est le <strong>syst\u00e8me d\u2019ouverture<\/strong> qui permet d\u2019ouvrir et fermer le <strong>store int\u00e9rieur<\/strong>, ou r\u00e9gler l\u2019intensit\u00e9 de la lumi\u00e8re dans la pi\u00e8ce. Mais <strong>quel syst\u00e8me d\u2019ouverture<\/strong> choisir pour votre store\u00a0? Nous vous disons tout\u00a0!<\/p>\n<\/div><\/section><br \/>\n<div style='height:30px' class='hr hr-invisible   avia-builder-el-5  el_after_av_textblock  el_before_av_button '><span class='hr-inner ' ><span class='hr-inner-style'><\/span><\/span><\/div><br \/>\n<div class='avia-button-wrap avia-button-center  avia-builder-el-6  el_after_av_hr  avia-builder-el-last '><a href='#contact'  class='avia-button   avia-icon_select-no avia-color-custom avia-size-large avia-position-center '  style='background-color:#444444; border-color:#444444; color:#ffffff; ' ><span class='avia_iconbox_title' >DEVIS GRATUIT<\/span><\/a><\/div><\/p><\/div><div class=\"flex_column av_one_half  no_margin flex_column_table_cell av-equal-height-column av-align-middle av-zero-column-padding   avia-builder-el-7  el_after_av_one_half  el_before_av_hr  \" style='border-radius:0px; '><div class='avia-image-container  av-styling-    avia-builder-el-8  avia-builder-el-no-sibling  avia-align-center '  itemprop=\"image\" itemscope=\"itemscope\" itemtype=\"https:\/\/schema.org\/ImageObject\"  ><div class='avia-image-container-inner'><div class='avia-image-overlay-wrap'><img class='avia_image' src='https:\/\/volet-roulant-saint-cloud.fr\/wp-content\/uploads\/2019\/01\/201-1030x618.jpg' alt='' title='r\u00e9paration store Saint Cloud' height=\"618\" width=\"1030\"  itemprop=\"thumbnailUrl\"  \/><\/div><\/div><\/div><\/div><\/div><!--close column table wrapper. Autoclose: 1 --><\/p>\n<div style='height:250px' class='hr hr-invisible   avia-builder-el-9  el_after_av_one_half  el_before_av_textblock '><span class='hr-inner ' ><span class='hr-inner-style'><\/span><\/span><\/div>\n<section class=\"av_textblock_section \"  itemscope=\"itemscope\" itemtype=\"https:\/\/schema.org\/CreativeWork\" ><div class='avia_textblock  '   itemprop=\"text\" ><h2>Une ouverture \u00e0 enroulement automatique avec ressort r\u00e9gul\u00e9<\/h2>\n<p style=\"text-align: justify;\">En optant pour un <strong>syst\u00e8me d\u2019ouverture \u00e0 enroulement automatique<\/strong> avec ressort r\u00e9gul\u00e9, le store s\u2019enroule automatiquement d\u00e8s lors qu\u2019il n\u2019est pas en position ferm\u00e9e. C\u2019est une solution qui peut \u00eatre tr\u00e8s utile.<\/p>\n<h2>Une ouverture \u00e0 chainette<\/h2>\n<p style=\"text-align: justify;\">La simplicit\u00e9 d\u2019utilisation et la rapidit\u00e9 sont l\u2019un des avantages de ce type de <strong>syst\u00e8me d\u2019ouverture de stores d\u2019int\u00e9rieurs<\/strong>. C\u2019est une solution recommand\u00e9e pour les petits et moyens stores. Et la bonne nouvelle\u00a0: il est parmi les syst\u00e8mes les plus \u00e9conomiques.<\/p>\n<h2>Une ouverture \u00e0 treuil et manivelle<\/h2>\n<p style=\"text-align: justify;\">Cette solution est de plus en plus conseill\u00e9e pour les <strong>stores d\u2019int\u00e9rieurs<\/strong> de grandes dimensions. Pour avoir une seule manivelle pour plusieurs stores, il est possible d\u2019avoir une manivelle d\u00e9crochable. A noter ce syst\u00e8me est disponible en plusieurs coloris. Vous trouverez sans doute le mod\u00e8le qui s\u2019associe parfaitement \u00e0 votre store.<\/p>\n<h2>Une ouverture \u00e0 motorisation<\/h2>\n<p style=\"text-align: justify;\">Si vous avez un store de grande dimension, <strong>l\u2019ouverture \u00e0 motorisation<\/strong> est la solution la plus recommand\u00e9e. C\u2019est un syst\u00e8me qui peut \u00eatre filaire et vous permettre de manipuler le store \u00e0 l\u2019aide d\u2019un interrupteur fix\u00e9 au mur. A noter que certains mod\u00e8les permettent de manipuler le store \u00e0 distance \u00e0 l\u2019aide d\u2019une t\u00e9l\u00e9commande.<\/p>\n<h2>Une ouverture \u00e0 cordon<\/h2>\n<p style=\"text-align: justify;\">Ce <strong>syst\u00e8me d\u2019ouverture<\/strong> est tr\u00e8s simple \u00e0 utiliser, et est conseill\u00e9 pour les petites ouvertures. Il est \u00e9quip\u00e9 d\u2019une man\u0153uvre \u00e0 cordon qui vous aide \u00e0 manipuler le store. Il est aussi dot\u00e9 d\u2019une tige d\u2019orientation des lames pour les stores V\u00e9nitiens.<\/p>\n<h2>Une ouverture \u00e0 tirage direct<\/h2>\n<p style=\"text-align: justify;\">Ce syst\u00e8me est li\u00e9 au store pliss\u00e9. Il est dot\u00e9 d\u2019une man\u0153uvre par tirage direct qui vous permet d\u2019ouvrir et fermer votre store \u00e0 l\u2019aide d\u2019une poign\u00e9e.<\/p>\n<p style=\"text-align: justify;\">Pour \u00eatre s\u00fbr de choisir le <strong>syst\u00e8me d\u2019ouverture<\/strong> le plus ad\u00e9quat \u00e0 <strong>votre store int\u00e9rieur<\/strong>, n\u2019h\u00e9sitez pas \u00e0 contacter nos experts\u00a0! Nous sommes disponibles \u00e0 tout moment \u00e0 <strong>Paris 15<\/strong> pour vous orienter vers le bon choix.<\/p>\n<h4>En savoir plus sur nos prestations :<\/h4>\n<ul>\n<li><strong><a href=\"https:\/\/volet-roulant-saint-cloud.fr\/rideau-metallique\/\">Rideau m\u00e9tallique\u00a0: achat et prix<\/a><\/strong><\/li>\n<li><strong><a href=\"https:\/\/volet-roulant-saint-cloud.fr\/volets-roulants-2\/\">Volets roulants\u00a0: manuels ou motoris\u00e9s\u00a0?<\/a><\/strong><\/li>\n<\/ul>\n<\/div><\/section>\n","protected":false},"excerpt":{"rendered":"","protected":false},"author":1,"featured_media":0,"parent":0,"menu_order":0,"comment_status":"closed","ping_status":"closed","template":"","meta":{"footnotes":""},"class_list":["post-5265","page","type-page","status-publish","hentry"],"_links":{"self":[{"href":"https:\/\/volet-roulant-saint-cloud.fr\/index.php?rest_route=\/wp\/v2\/pages\/5265","targetHints":{"allow":["GET"]}}],"collection":[{"href":"https:\/\/volet-roulant-saint-cloud.fr\/index.php?rest_route=\/wp\/v2\/pages"}],"about":[{"href":"https:\/\/volet-roulant-saint-cloud.fr\/index.php?rest_route=\/wp\/v2\/types\/page"}],"author":[{"embeddable":true,"href":"https:\/\/volet-roulant-saint-cloud.fr\/index.php?rest_route=\/wp\/v2\/users\/1"}],"replies":[{"embeddable":true,"href":"https:\/\/volet-roulant-saint-cloud.fr\/index.php?rest_route=%2Fwp%2Fv2%2Fcomments&post=5265"}],"version-history":[{"count":0,"href":"https:\/\/volet-roulant-saint-cloud.fr\/index.php?rest_route=\/wp\/v2\/pages\/5265\/revisions"}],"wp:attachment":[{"href":"https:\/\/volet-roulant-saint-cloud.fr\/index.php?rest_route=%2Fwp%2Fv2%2Fmedia&parent=5265"}],"curies":[{"name":"wp","href":"https:\/\/api.w.org\/{rel}","templated":true}]}}