{"id":5600,"date":"2020-06-12T07:23:38","date_gmt":"2020-06-12T07:23:38","guid":{"rendered":"https:\/\/volet-roulant-saint-cloud.fr\/?page_id=5600"},"modified":"2020-12-09T08:52:25","modified_gmt":"2020-12-09T08:52:25","slug":"tarifs","status":"publish","type":"page","link":"https:\/\/volet-roulant-saint-cloud.fr\/?page_id=5600","title":{"rendered":"Tarifs"},"content":{"rendered":"<h1 style=\"text-align: center;\">Volet Roulant Saint Cloud Tarifs et Prix \u2013 Arti Pro<\/h1>\n<p style=\"text-align: center;\">Du Lundi au Vendredi de 8h00 \u00e0 18h00<\/p>\n<h2 style=\"text-align: center;\">Tarifs ttc des d\u00e9pannages (tva 10 % comprise pour le particulier ).<\/h2>\n<p style=\"text-align: center;\">Le Devis est gratuit sur rendez-vous au 01 40 50 26 26<br \/>\nD\u00e9placement Sur Paris et sa banlieue \u2013 45 \u20ac ttc*<br \/>\nRecherche de pannes sur volet roulant\u00a0 \u2013 \u00e0 partir de 70 \u20ac ttc*<br \/>\nR\u00e9parations de volet roulant \u2013 \u00e0 partir de 70 \u20ac ttc*<\/p>\n<p style=\"text-align: center;\"><em><strong>* Les prix de pose indiqu\u00e9s comprennent uniquement la pose du produit concern\u00e9. Tous travaux compl\u00e9mentaires n\u00e9cessaires \u00e0 la bonne r\u00e9alisation du d\u00e9pannage, ou tout ajustement du produit \u00e0 son support feront l\u2019objet d\u2019une plus-value sur votre devis.<\/strong><\/em><\/p>\n","protected":false},"excerpt":{"rendered":"<p>Volet Roulant Saint Cloud Tarifs et Prix \u2013 Arti Pro Du Lundi au Vendredi de 8h00 \u00e0 18h00 Tarifs ttc des d\u00e9pannages (tva 10 % comprise pour le particulier ). Le Devis est gratuit sur rendez-vous au 01 40 50 26 26 D\u00e9placement Sur Paris et sa banlieue \u2013 45 \u20ac ttc* Recherche de pannes [&hellip;]<\/p>\n","protected":false},"author":1,"featured_media":0,"parent":0,"menu_order":0,"comment_status":"closed","ping_status":"closed","template":"","meta":{"footnotes":""},"class_list":["post-5600","page","type-page","status-publish","hentry"],"_links":{"self":[{"href":"https:\/\/volet-roulant-saint-cloud.fr\/index.php?rest_route=\/wp\/v2\/pages\/5600","targetHints":{"allow":["GET"]}}],"collection":[{"href":"https:\/\/volet-roulant-saint-cloud.fr\/index.php?rest_route=\/wp\/v2\/pages"}],"about":[{"href":"https:\/\/volet-roulant-saint-cloud.fr\/index.php?rest_route=\/wp\/v2\/types\/page"}],"author":[{"embeddable":true,"href":"https:\/\/volet-roulant-saint-cloud.fr\/index.php?rest_route=\/wp\/v2\/users\/1"}],"replies":[{"embeddable":true,"href":"https:\/\/volet-roulant-saint-cloud.fr\/index.php?rest_route=%2Fwp%2Fv2%2Fcomments&post=5600"}],"version-history":[{"count":0,"href":"https:\/\/volet-roulant-saint-cloud.fr\/index.php?rest_route=\/wp\/v2\/pages\/5600\/revisions"}],"wp:attachment":[{"href":"https:\/\/volet-roulant-saint-cloud.fr\/index.php?rest_route=%2Fwp%2Fv2%2Fmedia&parent=5600"}],"curies":[{"name":"wp","href":"https:\/\/api.w.org\/{rel}","templated":true}]}}